{"id":6,"date":"2026-05-04T07:38:58","date_gmt":"2026-05-04T07:38:58","guid":{"rendered":"https:\/\/www.cityadvokat.se\/?page_id=6"},"modified":"2026-05-04T08:15:04","modified_gmt":"2026-05-04T08:15:04","slug":"hem","status":"publish","type":"page","link":"https:\/\/www.cityadvokat.se\/","title":{"rendered":"Hem"},"content":{"rendered":"\n<div class=\"wp-block-cover alignfull has-custom-content-position is-position-center-left\" style=\"margin-top:0;margin-bottom:0;padding-top:var(--wp--preset--spacing--50);padding-right:var(--wp--preset--spacing--50);padding-bottom:var(--wp--preset--spacing--50);padding-left:var(--wp--preset--spacing--50);min-height:840px;aspect-ratio:unset;\"><img loading=\"lazy\" decoding=\"async\" width=\"2048\" height=\"933\" class=\"wp-block-cover__image-background wp-image-13 size-full\" alt=\"\" src=\"https:\/\/www.cityadvokat.se\/wp-content\/uploads\/2026\/05\/imgi_7_2021-12-02_1320_db8_5578_p2_davidbrohede_2048px.jpg\" data-object-fit=\"cover\" srcset=\"https:\/\/www.cityadvokat.se\/wp-content\/uploads\/2026\/05\/imgi_7_2021-12-02_1320_db8_5578_p2_davidbrohede_2048px.jpg 2048w, https:\/\/www.cityadvokat.se\/wp-content\/uploads\/2026\/05\/imgi_7_2021-12-02_1320_db8_5578_p2_davidbrohede_2048px-300x137.jpg 300w, https:\/\/www.cityadvokat.se\/wp-content\/uploads\/2026\/05\/imgi_7_2021-12-02_1320_db8_5578_p2_davidbrohede_2048px-1024x467.jpg 1024w, https:\/\/www.cityadvokat.se\/wp-content\/uploads\/2026\/05\/imgi_7_2021-12-02_1320_db8_5578_p2_davidbrohede_2048px-768x350.jpg 768w, https:\/\/www.cityadvokat.se\/wp-content\/uploads\/2026\/05\/imgi_7_2021-12-02_1320_db8_5578_p2_davidbrohede_2048px-1536x700.jpg 1536w\" sizes=\"auto, (max-width: 2048px) 100vw, 2048px\" \/><span aria-hidden=\"true\" class=\"wp-block-cover__background has-background-dim-10 has-background-dim\"><\/span><div class=\"wp-block-cover__inner-container has-global-padding is-layout-constrained wp-container-core-cover-is-layout-d89aad35 wp-block-cover-is-layout-constrained\">\n<h1 class=\"wp-block-heading has-text-align-left is-style-default\">Cityadvokaterna i Link\u00f6ping<\/h1>\n<\/div><\/div>\n\n\n\n<div class=\"wp-block-group alignfull is-style-section-1 has-accent-5-color has-text-color has-background has-link-color wp-elements-c2533dec3dd4a54d002a19bdb399aa39 is-layout-flow wp-block-group-is-layout-flow is-style-section-1--1\" style=\"background-color:#1f2838;margin-top:0;margin-bottom:0;padding-top:var(--wp--preset--spacing--40);padding-right:var(--wp--preset--spacing--40);padding-bottom:var(--wp--preset--spacing--40);padding-left:var(--wp--preset--spacing--40)\">\n<h2 class=\"wp-block-heading has-text-align-center\">V\u00e4lkommen till Cityadvokaterna i Link\u00f6ping!<\/h2>\n\n\n\n<p class=\"has-text-align-center has-medium-font-size\">Beh\u00f6ver du eller n\u00e5gon du k\u00e4nner juridisk hj\u00e4lp? Vi har de kunskaper och erfarenheter som kr\u00e4vs.<\/p>\n<\/div>\n\n\n\n<div class=\"wp-block-group alignwide has-background is-layout-flow wp-block-group-is-layout-flow\" style=\"background-color:#fdfdfd;padding-top:var(--wp--preset--spacing--60);padding-right:var(--wp--preset--spacing--40);padding-bottom:var(--wp--preset--spacing--60);padding-left:var(--wp--preset--spacing--40)\">\n<p style=\"font-size:clamp(14px, 0.875rem + ((1vw - 3.2px) * 0.392), 18px);px\">Vi \u00e4r Cityadvokaterna i Link\u00f6ping. Den lilla byr\u00e5n med ett stort engagemang. P\u00e5 advokatbyr\u00e5n arbetar advokaterna Karin Sanfridsson och Idah Fj\u00e4rdhammar. Karin \u00e4r grundare till advokatbyr\u00e5n och Idah har arbetat p\u00e5 advokatbyr\u00e5n sedan \u00e5r 2019. <\/p>\n\n\n\n<p style=\"font-size:clamp(14px, 0.875rem + ((1vw - 3.2px) * 0.392), 18px);px\">Vi str\u00e4var efter att ge dig som klient det b\u00e4sta samarbetet genom korrekt och tydlig r\u00e5dgivning samt ett personligt bem\u00f6tande. V\u00e4lkommen till oss!<br><br><\/p>\n<\/div>\n\n\n\n<div class=\"wp-block-group alignwide has-global-padding is-layout-constrained wp-block-group-is-layout-constrained\">\n<div class=\"wp-block-columns alignwide is-layout-flex wp-container-core-columns-is-layout-28f84493 wp-block-columns-is-layout-flex\">\n<div class=\"wp-block-column is-layout-flow wp-block-column-is-layout-flow\" style=\"flex-basis:50%\">\n<div class=\"wp-block-group has-global-padding is-layout-constrained wp-block-group-is-layout-constrained\">\n<figure class=\"wp-block-image size-large\"><img loading=\"lazy\" decoding=\"async\" width=\"683\" height=\"1024\" src=\"https:\/\/www.cityadvokat.se\/wp-content\/uploads\/2026\/05\/ida-683x1024.jpg\" alt=\"\" class=\"wp-image-9\" srcset=\"https:\/\/www.cityadvokat.se\/wp-content\/uploads\/2026\/05\/ida-683x1024.jpg 683w, https:\/\/www.cityadvokat.se\/wp-content\/uploads\/2026\/05\/ida-200x300.jpg 200w, https:\/\/www.cityadvokat.se\/wp-content\/uploads\/2026\/05\/ida-768x1152.jpg 768w, https:\/\/www.cityadvokat.se\/wp-content\/uploads\/2026\/05\/ida.jpg 907w\" sizes=\"auto, (max-width: 683px) 100vw, 683px\" \/><\/figure>\n<\/div>\n<\/div>\n\n\n\n<div class=\"wp-block-column is-layout-flow wp-block-column-is-layout-flow\" style=\"flex-basis:50%\">\n<h2 class=\"wp-block-heading\">Idah Fj\u00e4rdhammar<\/h2>\n\n\n\n<p class=\"has-medium-font-size\" style=\"line-height:1.6\">I mitt arbete som advokat \u00e4r jag engagerad och ansvarsk\u00e4nnande och str\u00e4var efter att du som klient f\u00e5r h\u00f6gsta service och k\u00e4nner dig trygg.<br><br><strong>Inriktning<\/strong><\/p>\n\n\n\n<ul class=\"wp-block-list has-medium-font-size\">\n<li>M\u00e5ls\u00e4gandebitr\u00e4de<\/li>\n\n\n\n<li>S\u00e4rskild f\u00f6retr\u00e4dare f\u00f6r barn<\/li>\n\n\n\n<li>F\u00f6rsvararuppdrag<\/li>\n\n\n\n<li>V\u00e5rdnads- boende och umg\u00e4nges\u00e4renden<\/li>\n\n\n\n<li>Medlare i familjer\u00e4ttsm\u00e5l<\/li>\n\n\n\n<li>Socialr\u00e4ttsm\u00e5l (LVU, LVM, LPT, LRV)<\/li>\n\n\n\n<li>Migrationsr\u00e4tt<\/li>\n<\/ul>\n\n\n\n<h4 class=\"wp-block-heading\"><strong>Utbildning<\/strong><\/h4>\n\n\n\n<ul class=\"wp-block-list\">\n<li class=\"has-medium-font-size\">Jur kand-examen, Stockholms universitet, 2009<\/li>\n<\/ul>\n\n\n\n<h4 class=\"wp-block-heading\"><strong>Erfarenheter<\/strong><\/h4>\n\n\n\n<ul class=\"wp-block-list has-medium-font-size\">\n<li>Notarietj\u00e4nstg\u00f6ring Skaraborgs tingsr\u00e4tt, 2009-2011<\/li>\n\n\n\n<li>Verksam vid advokatbyr\u00e5 sedan 2011<\/li>\n\n\n\n<li>Advokat och ledamot av Sveriges advokatsamfund sedan 2014<\/li>\n<\/ul>\n\n\n\n<div class=\"wp-block-buttons is-layout-flex wp-block-buttons-is-layout-flex\">\n<div class=\"wp-block-button\"><a class=\"wp-block-button__link wp-element-button\" href=\"mailto:idah.fjardhammar@cityadvokat.se\">Kontakta Idah<\/a><\/div>\n<\/div>\n<\/div>\n<\/div>\n<\/div>\n\n\n\n<div style=\"height:100px\" aria-hidden=\"true\" class=\"wp-block-spacer\"><\/div>\n\n\n\n<div class=\"wp-block-group alignwide has-global-padding is-layout-constrained wp-block-group-is-layout-constrained\">\n<div class=\"wp-block-columns alignwide is-layout-flex wp-container-core-columns-is-layout-28f84493 wp-block-columns-is-layout-flex\">\n<div class=\"wp-block-column is-layout-flow wp-block-column-is-layout-flow\" style=\"flex-basis:50%\">\n<h2 class=\"wp-block-heading\">Karin Sanfridsson<\/h2>\n\n\n\n<p class=\"has-medium-font-size\" style=\"line-height:1.6\">Jag tar mig an ditt uppdrag med stort intresse och engagemang. Min drivkraft \u00e4r att hj\u00e4lpa m\u00e4nniskor att l\u00f6sa juridiska fr\u00e5gor och att ta tillvara sina r\u00e4ttigheter. I mitt arbete str\u00e4var jag efter att l\u00f6sa juridiska problem genom goda kunskaper i juridik, men ocks\u00e5 genom empati och sunt f\u00f6rnuft.<\/p>\n\n\n\n<h3 class=\"wp-block-heading\"><strong>Inriktning<\/strong><\/h3>\n\n\n\n<ul class=\"wp-block-list has-medium-font-size\">\n<li>M\u00e5ls\u00e4gandebitr\u00e4de<\/li>\n\n\n\n<li>S\u00e4rskild f\u00f6retr\u00e4dare f\u00f6r barn<\/li>\n\n\n\n<li>F\u00f6rsvararuppdrag<\/li>\n\n\n\n<li>V\u00e5rdnads\u00e4renden<\/li>\n\n\n\n<li>Ekonomisk familjer\u00e4tt<\/li>\n\n\n\n<li>Bodelningsf\u00f6rr\u00e4ttare<\/li>\n\n\n\n<li>Socialr\u00e4ttsm\u00e5l (LVU, LVM, LPT, LRV)<\/li>\n\n\n\n<li>Migrationsr\u00e4tt<\/li>\n<\/ul>\n\n\n\n<h3 class=\"wp-block-heading\"><strong>Utbildning<\/strong><\/h3>\n\n\n\n<ul class=\"wp-block-list has-medium-font-size\">\n<li>Aff\u00e4rsjuridisk magisterexamen med Europainriktning, fransk inriktning, Link\u00f6pings universitet, 2005<\/li>\n\n\n\n<li>Jur kand-examen, Stockholms universitet, 2008<\/li>\n<\/ul>\n\n\n\n<h3 class=\"wp-block-heading\"><strong>Erfarenheter<\/strong><\/h3>\n\n\n\n<ul class=\"wp-block-list is-style-default has-medium-font-size\">\n<li>Notarietj\u00e4nstg\u00f6ring Link\u00f6pings tingsr\u00e4tt, 2009-2012<\/li>\n\n\n\n<li>Verksam vid advokatbyr\u00e5 sedan 2012<\/li>\n\n\n\n<li>Ledamot av Sveriges advokatsamfund sedan 2014<\/li>\n<\/ul>\n\n\n\n<div class=\"wp-block-buttons is-layout-flex wp-block-buttons-is-layout-flex\">\n<div class=\"wp-block-button\"><a class=\"wp-block-button__link wp-element-button\" href=\"mailto:karin.sanfridsson@cityadvokat.se\">Kontakta Karin<\/a><\/div>\n<\/div>\n<\/div>\n\n\n\n<div class=\"wp-block-column is-layout-flow wp-block-column-is-layout-flow\" style=\"flex-basis:50%\">\n<div class=\"wp-block-group has-global-padding is-layout-constrained wp-block-group-is-layout-constrained\">\n<figure class=\"wp-block-image size-large\"><img loading=\"lazy\" decoding=\"async\" width=\"683\" height=\"1024\" src=\"https:\/\/www.cityadvokat.se\/wp-content\/uploads\/2026\/05\/karin-683x1024.jpg\" alt=\"\" class=\"wp-image-15\" srcset=\"https:\/\/www.cityadvokat.se\/wp-content\/uploads\/2026\/05\/karin-683x1024.jpg 683w, https:\/\/www.cityadvokat.se\/wp-content\/uploads\/2026\/05\/karin-200x300.jpg 200w, https:\/\/www.cityadvokat.se\/wp-content\/uploads\/2026\/05\/karin-768x1152.jpg 768w, https:\/\/www.cityadvokat.se\/wp-content\/uploads\/2026\/05\/karin.jpg 907w\" sizes=\"auto, (max-width: 683px) 100vw, 683px\" \/><\/figure>\n<\/div>\n<\/div>\n<\/div>\n<\/div>\n\n\n\n<div class=\"wp-block-group alignfull is-style-default has-small-font-size has-global-padding is-layout-constrained wp-block-group-is-layout-constrained\" style=\"margin-top:0;margin-bottom:0;padding-top:var(--wp--preset--spacing--50);padding-bottom:var(--wp--preset--spacing--50);line-height:1.8\">\n<div class=\"wp-block-group alignwide is-style-default has-background is-layout-flow wp-block-group-is-layout-flow\" style=\"background-color:#fbfbfb;padding-top:var(--wp--preset--spacing--30);padding-right:var(--wp--preset--spacing--30);padding-bottom:var(--wp--preset--spacing--30);padding-left:var(--wp--preset--spacing--30)\">\n<p class=\"is-style-default has-small-font-size\">Det finns olika s\u00e4tt att f\u00e5 sina kostnader ersatta inom r\u00e4ttssystemet. I dina f\u00f6rs\u00e4kringar, exv hemf\u00f6rs\u00e4kring, ing\u00e5r oftast r\u00e4ttsskydd, vilken t\u00e4cker den st\u00f6rre delen av dina kostnader vid en tvist. I annat fall kan den allm\u00e4nna r\u00e4ttshj\u00e4lpen g\u00e5 in, vilket f\u00f6ruts\u00e4tter att du inte har f\u00f6r stor inkomst. I v\u00e5rt arbete ing\u00e5r alltid att ta reda p\u00e5 vilken m\u00f6jlighet du har att f\u00e5 hj\u00e4lp med ombudskostnaderna.<\/p>\n\n\n\n<p class=\"is-style-default has-small-font-size\">Advokatsamfundets konsumenttvistn\u00e4mnd pr\u00f6var arvodestvister och tvister om andra ekonomiska krav som en konsument riktar mot en advokat eller en advokatbyr\u00e5. Om du \u00e4r missn\u00f6jd med advokatens arvode eller har andra ekonomiska krav, ska du f\u00f6rst v\u00e4nda dig till den advokat som bitr\u00e4tt dig och f\u00f6rs\u00f6ka hitta en l\u00f6sning. <\/p>\n\n\n\n<p class=\"is-style-default has-small-font-size\">Om ni inte n\u00e5r en l\u00f6sning i samf\u00f6rst\u00e5nd kan du v\u00e4nda dig till Konsumenttvistn\u00e4mnden, Sveriges advokatsamfund, Box 27321, 102 54 Stockholm eller&nbsp;<a href=\"mailto:konsumenttvistnamnden@advokatsamfundet.se.\">konsumenttvistnamnden@advokatsamfundet.se.<\/a>&nbsp;Mer information om detta finns p\u00e5 www.advokatsamfundet.se\/konsumenttvistnamnden.<\/p>\n<\/div>\n<\/div>\n","protected":false},"excerpt":{"rendered":"<p>V\u00e4lkommen till Cityadvokaterna i Link\u00f6ping! Beh\u00f6ver du eller n\u00e5gon du k\u00e4nner juridisk hj\u00e4lp? Vi har de kunskaper och erfarenheter som kr\u00e4vs. Vi \u00e4r Cityadvokaterna i Link\u00f6ping. Den lilla byr\u00e5n med ett stort engagemang. P\u00e5 advokatbyr\u00e5n arbetar advokaterna Karin Sanfridsson och Idah Fj\u00e4rdhammar. Karin \u00e4r grundare till advokatbyr\u00e5n och Idah har arbetat p\u00e5 advokatbyr\u00e5n sedan \u00e5r [&hellip;]<\/p>\n","protected":false},"author":1,"featured_media":0,"parent":0,"menu_order":0,"comment_status":"closed","ping_status":"closed","template":"page-no-title","meta":{"footnotes":""},"class_list":["post-6","page","type-page","status-publish","hentry"],"_links":{"self":[{"href":"https:\/\/www.cityadvokat.se\/index.php?rest_route=\/wp\/v2\/pages\/6","targetHints":{"allow":["GET"]}}],"collection":[{"href":"https:\/\/www.cityadvokat.se\/index.php?rest_route=\/wp\/v2\/pages"}],"about":[{"href":"https:\/\/www.cityadvokat.se\/index.php?rest_route=\/wp\/v2\/types\/page"}],"author":[{"embeddable":true,"href":"https:\/\/www.cityadvokat.se\/index.php?rest_route=\/wp\/v2\/users\/1"}],"replies":[{"embeddable":true,"href":"https:\/\/www.cityadvokat.se\/index.php?rest_route=%2Fwp%2Fv2%2Fcomments&post=6"}],"version-history":[{"count":18,"href":"https:\/\/www.cityadvokat.se\/index.php?rest_route=\/wp\/v2\/pages\/6\/revisions"}],"predecessor-version":[{"id":39,"href":"https:\/\/www.cityadvokat.se\/index.php?rest_route=\/wp\/v2\/pages\/6\/revisions\/39"}],"wp:attachment":[{"href":"https:\/\/www.cityadvokat.se\/index.php?rest_route=%2Fwp%2Fv2%2Fmedia&parent=6"}],"curies":[{"name":"wp","href":"https:\/\/api.w.org\/{rel}","templated":true}]}}